{"id":14,"date":"2013-06-08T13:14:25","date_gmt":"2013-06-08T11:14:25","guid":{"rendered":"http:\/\/www.ritzmann-online.de\/shiatsu\/?page_id=14"},"modified":"2022-10-16T09:18:01","modified_gmt":"2022-10-16T07:18:01","slug":"kontakt","status":"publish","type":"page","link":"http:\/\/www.ritzmann-online.de\/?page_id=14","title":{"rendered":"Kontakt \/ Impressum"},"content":{"rendered":"<p>Heidi Ritzmann<br \/>\nSchillerstr. 5<br \/>\n<em id=\"__mceDel\"><em id=\"__mceDel\"><em id=\"__mceDel\">D-79268 B\u00f6tzingen<\/em><\/em><\/em><\/p>\n<p>Tel: 07663 999 38<br \/>\nE-mail: mail(at)ritzmann-online.de<\/p>\n<p><strong>IMPRESSUM<\/strong><\/p>\n<p>Texte, Bilder, Grafiken, Sounds, Animationen und Videos sowie deren Anordnung auf dieser Webseite unterliegen dem Schutz des Urheberrechts und anderer Schutzgesetze. Der Inhalt dieser Webseite darf nicht von Benutzern kopiert, verbreitet, ver\u00e4ndert oder Dritten zug\u00e4nglich gemacht werden. Es kann keine Haftung oder Garantie daf\u00fcr \u00fcbernommen werden, da\u00df alle Angaben zu jeder Zeit vollst\u00e4ndig, richtig und in letzter Aktualit\u00e4t dargestellt sind. Dies gilt insbesondere f\u00fcr alle Links zu anderen Webseiten, auf die direkt oder indirekt verwiesen wird, ebenso f\u00fcr die Rechtm\u00e4\u00dfigkeit dieser Webseite. Alle Angaben auf dieser Webseite k\u00f6nnen ohne vorherige Ank\u00fcndigung ge\u00e4ndert, entfernt oder erg\u00e4nzt werden. Inhalt, Struktur und Gestaltung dieser Webseite sind urheberrechtlich gesch\u00fctzt.<\/p>\n<p>Inhaltlich Verantwortliche im Sinne des Presserechts gem\u00e4\u00df \u00a76 und \u00a710 Absatz 3 MDStU: Heidi Ritzmann. Die komplette Webseite basiert auf einer angepassten Version von WordPress und dem Theme \u00bbAttitude\u00ab gestaltet von: Theme Horse.<\/p>\n<p>Photos und Design der angepa\u00dften Webseite stammen von Matthias Ritzmann, dem ich herzlich danke! \u00a0<a href=\"http:\/\/www.matthiasritzmann.de\">www.matthiasritzmann.de<\/a><\/p>\n","protected":false},"excerpt":{"rendered":"<p>Heidi Ritzmann Schillerstr. 5 D-79268 B\u00f6tzingen Tel: 07663 999 38 E-mail: mail(at)ritzmann-online.de IMPRESSUM Texte, Bilder, Grafiken, Sounds, Animationen und Videos sowie deren Anordnung auf dieser Webseite unterliegen dem Schutz des Urheberrechts und anderer Schutzgesetze. Der Inhalt dieser Webseite darf nicht&hellip; <\/p>\n","protected":false},"author":1,"featured_media":0,"parent":0,"menu_order":4,"comment_status":"closed","ping_status":"closed","template":"","meta":[],"_links":{"self":[{"href":"http:\/\/www.ritzmann-online.de\/index.php?rest_route=\/wp\/v2\/pages\/14"}],"collection":[{"href":"http:\/\/www.ritzmann-online.de\/index.php?rest_route=\/wp\/v2\/pages"}],"about":[{"href":"http:\/\/www.ritzmann-online.de\/index.php?rest_route=\/wp\/v2\/types\/page"}],"author":[{"embeddable":true,"href":"http:\/\/www.ritzmann-online.de\/index.php?rest_route=\/wp\/v2\/users\/1"}],"replies":[{"embeddable":true,"href":"http:\/\/www.ritzmann-online.de\/index.php?rest_route=%2Fwp%2Fv2%2Fcomments&post=14"}],"version-history":[{"count":34,"href":"http:\/\/www.ritzmann-online.de\/index.php?rest_route=\/wp\/v2\/pages\/14\/revisions"}],"predecessor-version":[{"id":233,"href":"http:\/\/www.ritzmann-online.de\/index.php?rest_route=\/wp\/v2\/pages\/14\/revisions\/233"}],"wp:attachment":[{"href":"http:\/\/www.ritzmann-online.de\/index.php?rest_route=%2Fwp%2Fv2%2Fmedia&parent=14"}],"curies":[{"name":"wp","href":"https:\/\/api.w.org\/{rel}","templated":true}]}}