{"id":140,"date":"2017-02-21T18:54:14","date_gmt":"2017-02-21T16:54:14","guid":{"rendered":"http:\/\/www.ritzmann-online.de\/?page_id=140"},"modified":"2025-01-21T15:10:23","modified_gmt":"2025-01-21T13:10:23","slug":"praxis-2","status":"publish","type":"page","link":"http:\/\/www.ritzmann-online.de\/?page_id=140","title":{"rendered":"Praxis"},"content":{"rendered":"<p><a href=\"http:\/\/www.ritzmann-online.de\/wp-content\/uploads\/2013\/06\/behandlung2.jpg\"><img loading=\"lazy\" class=\"alignnone size-full wp-image-197\" src=\"http:\/\/www.ritzmann-online.de\/wp-content\/uploads\/2013\/06\/behandlung2.jpg\" alt=\"behandlung2\" width=\"1000\" height=\"563\" srcset=\"http:\/\/www.ritzmann-online.de\/wp-content\/uploads\/2013\/06\/behandlung2.jpg 1000w, http:\/\/www.ritzmann-online.de\/wp-content\/uploads\/2013\/06\/behandlung2-300x168.jpg 300w\" sizes=\"(max-width: 1000px) 100vw, 1000px\" \/><\/a><\/p>\n<p>Als ganzheitliche Behandlungsmethode wirkt Shiatsu bei k\u00f6rperlichen Verspannungen, Schmerzen des Bewegungsapparates, bei Migr\u00e4ne, Menstruationsbeschwerden, allen stre\u00dfbedingten Symptomen wie Magen-Darm-Beschwerden und auch bei emotionalen Verstimmungen beruhigend, unterst\u00fctzend und heilsam. Shiatsu f\u00f6rdert das Bewusstsein f\u00fcr den eigenen K\u00f6rper und dessen Botschaften und tr\u00e4gt so \u2013 zusammen mit einer bewussten Lebensf\u00fchrung \u2013 dazu bei, uns gesund und in Balance zu halten.<\/p>\n<p>Die Behandlungen begleiten auch Prozesse, zum Beispiel in schwierigen Lebenssituationen oder in Zeiten von Krisen ganzheitlich und nachhaltig. In der Ruhe der Behandlung ist es m\u00f6glich ganz bei sich zu sein, sich zu sp\u00fcren und neue Kr\u00e4fte zu sammeln.<\/p>\n<p>Sinnvoll ist die Anwendung von Shiatsu als Vorbeugung. St\u00f6rungen im Energiesystem k\u00f6nnen fr\u00fchzeitig behoben werden, bevor sie zu Beschwerden und chronischen Krankheiten f\u00fchren. Eine monatliche Shiatsu-Behandlung hilft ihr seelisches und k\u00f6rperliches Gleichgewicht zu erhalten und vermittelt das beruhigende Gef\u00fchl in sich selbst zu ruhen.<\/p>\n<p>Bei akuten Beschwerden, die schon l\u00e4nger andauern baut sich eine dauerhafte Wirkung meist erst nach einer Serie von Behandlungen auf, die bestenfalls vierzehnt\u00e4gig stattfinden sollten.<\/p>\n<p>Die Preisgestaltung f\u00fcr eine Behandlung erfolgt nach eigenem Ermessen.<\/p>\n<p>Bitte bringen Sie bequeme Kleidung und ein paar warme Socken zu den Behandlungen mit.<\/p>\n","protected":false},"excerpt":{"rendered":"<p>Als ganzheitliche Behandlungsmethode wirkt Shiatsu bei k\u00f6rperlichen Verspannungen, Schmerzen des Bewegungsapparates, bei Migr\u00e4ne, Menstruationsbeschwerden, allen stre\u00dfbedingten Symptomen wie Magen-Darm-Beschwerden und auch bei emotionalen Verstimmungen beruhigend, unterst\u00fctzend und heilsam. Shiatsu f\u00f6rdert das Bewusstsein f\u00fcr den eigenen K\u00f6rper und dessen Botschaften und&hellip; <\/p>\n","protected":false},"author":1,"featured_media":0,"parent":0,"menu_order":2,"comment_status":"closed","ping_status":"closed","template":"","meta":[],"_links":{"self":[{"href":"http:\/\/www.ritzmann-online.de\/index.php?rest_route=\/wp\/v2\/pages\/140"}],"collection":[{"href":"http:\/\/www.ritzmann-online.de\/index.php?rest_route=\/wp\/v2\/pages"}],"about":[{"href":"http:\/\/www.ritzmann-online.de\/index.php?rest_route=\/wp\/v2\/types\/page"}],"author":[{"embeddable":true,"href":"http:\/\/www.ritzmann-online.de\/index.php?rest_route=\/wp\/v2\/users\/1"}],"replies":[{"embeddable":true,"href":"http:\/\/www.ritzmann-online.de\/index.php?rest_route=%2Fwp%2Fv2%2Fcomments&post=140"}],"version-history":[{"count":7,"href":"http:\/\/www.ritzmann-online.de\/index.php?rest_route=\/wp\/v2\/pages\/140\/revisions"}],"predecessor-version":[{"id":241,"href":"http:\/\/www.ritzmann-online.de\/index.php?rest_route=\/wp\/v2\/pages\/140\/revisions\/241"}],"wp:attachment":[{"href":"http:\/\/www.ritzmann-online.de\/index.php?rest_route=%2Fwp%2Fv2%2Fmedia&parent=140"}],"curies":[{"name":"wp","href":"https:\/\/api.w.org\/{rel}","templated":true}]}}