{"id":15,"date":"2013-06-08T13:14:33","date_gmt":"2013-06-08T11:14:33","guid":{"rendered":"http:\/\/www.ritzmann-online.de\/shiatsu\/?page_id=15"},"modified":"2020-10-06T15:45:39","modified_gmt":"2020-10-06T13:45:39","slug":"kurse","status":"publish","type":"page","link":"http:\/\/www.ritzmann-online.de\/?page_id=15","title":{"rendered":"Kurse"},"content":{"rendered":"<p><a href=\"http:\/\/www.ritzmann-online.de\/wp-content\/uploads\/2013\/06\/kurse.jpg\"><img loading=\"lazy\" class=\"alignnone size-full wp-image-200\" alt=\"kurse\" src=\"http:\/\/www.ritzmann-online.de\/wp-content\/uploads\/2013\/06\/kurse.jpg\" width=\"1000\" height=\"563\" srcset=\"http:\/\/www.ritzmann-online.de\/wp-content\/uploads\/2013\/06\/kurse.jpg 1000w, http:\/\/www.ritzmann-online.de\/wp-content\/uploads\/2013\/06\/kurse-300x168.jpg 300w\" sizes=\"(max-width: 1000px) 100vw, 1000px\" \/><\/a><\/p>\n<p>&nbsp;<\/p>\n<p><strong>Aktuelles in Corona-Zeiten\u00a0<\/strong><\/p>\n<p>Ich versuche sowohl in meiner Praxis, als auch in der Arbeit mit den Gruppen in der Lebenshilfe und beim Volksbildungswerk, den Menschen den gr\u00f6\u00dftm\u00f6glichen Schutz angedeihen zu lassen.<\/p>\n<p>Inzwischen f\u00fchlt sich das Behandeln mit Maske nicht mehr fremd an. Sie wird wohl noch einige Zeit zu unserem Leben geh\u00f6ren.<\/p>\n<p>&nbsp;<\/p>\n<p><strong>Im Jahreszyklus mit den 5 Elementen<\/strong><\/p>\n<p>Unser Leben verl\u00e4uft in Kreisl\u00e4ufen. Analog der Jahreszeiten, durchleben wir Phasen, die ganz unterschiedliche Qualit\u00e4ten haben. Indem wir diese kennen lernen, k\u00f6nnen wir achtsamer und bewusster daf\u00fcr sein, was unserem K\u00f6rper, unserem Geist oder unserer Seele gerade gut tut.<\/p>\n<p>In monatlichen Shiatsu-Abenden mit gegenseitiger, angeleiteter Behandlung findet der Gebende zur inneren Ruhe, w\u00e4hrend der empfangende Partner die heilsame Kraft der ber\u00fchrenden H\u00e4nde erfahren darf.<\/p>\n<p>Dieser Kurs findet seit dem Jahr 2010 fortlaufend in den R\u00e4umen der Lebenshilfe in B\u00f6tzingen im Wiesenweg 4 statt und kostet pro Semester ( 5 Abende) 50 Euro.<\/p>\n<p>Bei Interesse bitte Anfrage unter Tel.:<\/p>\n<p>07663\/999 38 oder schreiben Sie mir eine E-Mail.<\/p>\n<p>&nbsp;<\/p>\n<p><strong>Shiatsu &#8211; Ber\u00fchrung, die gut tut<\/strong><\/p>\n<p>Lernen Sie an diesem Nachmittag die wohltuende Wirkung von Shiatsu kennen &#8211; die besondere Qualit\u00e4t des Gebens und Erhaltens bei gegenseitigen angeleiteten Behandlungen.<\/p>\n<p>Maximal drei Behandlungspaare werden eine Einf\u00fchrung in die Grundlagen von Shiatsu erhalten und die Achtsamkeit beim gegenseitigen Behandeln erfahren, die f\u00fcr Shiatsu typisch ist.<\/p>\n<p>Dieser Kurs findet beim Volksbildungswerk B\u00f6tzingen statt.<\/p>\n<p>Genaueres finden Sie unter www.vbwboetzingen.de<\/p>\n<p>&nbsp;<\/p>\n<p><strong>10j\u00e4hriges Praxisjubil\u00e4um im November und Dezember 2017 mit der Aktion &#8222;Geben f\u00fcr Gebende&#8220;<\/strong><\/p>\n<p>Im Rahmen der bundesweiten j\u00e4hrlich stattfindenden Shiatsu-Tage bieten Shiatsu-PraktikerInnen Menschen, die in gebenden Berufen arbeiten, eine Shiatsu-Kurz-Behandlung zur Erholung und Entspannung an.<\/p>\n<p>An dieser Aktion beteiligte ich mich ganzt\u00e4gig am Freitag, den 10. November 2017 mit meiner Kollegin Elke Senn aus Malterdingen f\u00fcr die Shiatsu-Regiogruppe Freiburg. Wir boten kostenlose 30min\u00fctige Shiatsu-Behandlungen f\u00fcr die MitarbeiterInnen des Seniorenpflegheimes, der Sozialstation und der Nachbarschaftshilfe in B\u00f6tzingen an und sagten damit &#8222;Danke&#8220; f\u00fcr deren Arbeit.<\/p>\n<p>&nbsp;<\/p>\n<p>&nbsp;<\/p>\n<p>&nbsp;<\/p>\n<p>&nbsp;<\/p>\n<p>&nbsp;<\/p>\n<p>&nbsp;<\/p>\n","protected":false},"excerpt":{"rendered":"<p>&nbsp; Aktuelles in Corona-Zeiten\u00a0 Ich versuche sowohl in meiner Praxis, als auch in der Arbeit mit den Gruppen in der Lebenshilfe und beim Volksbildungswerk, den Menschen den gr\u00f6\u00dftm\u00f6glichen Schutz angedeihen zu lassen. Inzwischen f\u00fchlt sich das Behandeln mit Maske nicht&hellip; <\/p>\n","protected":false},"author":1,"featured_media":0,"parent":0,"menu_order":2,"comment_status":"closed","ping_status":"closed","template":"","meta":[],"_links":{"self":[{"href":"http:\/\/www.ritzmann-online.de\/index.php?rest_route=\/wp\/v2\/pages\/15"}],"collection":[{"href":"http:\/\/www.ritzmann-online.de\/index.php?rest_route=\/wp\/v2\/pages"}],"about":[{"href":"http:\/\/www.ritzmann-online.de\/index.php?rest_route=\/wp\/v2\/types\/page"}],"author":[{"embeddable":true,"href":"http:\/\/www.ritzmann-online.de\/index.php?rest_route=\/wp\/v2\/users\/1"}],"replies":[{"embeddable":true,"href":"http:\/\/www.ritzmann-online.de\/index.php?rest_route=%2Fwp%2Fv2%2Fcomments&post=15"}],"version-history":[{"count":15,"href":"http:\/\/www.ritzmann-online.de\/index.php?rest_route=\/wp\/v2\/pages\/15\/revisions"}],"predecessor-version":[{"id":39,"href":"http:\/\/www.ritzmann-online.de\/index.php?rest_route=\/wp\/v2\/pages\/15\/revisions\/39"}],"wp:attachment":[{"href":"http:\/\/www.ritzmann-online.de\/index.php?rest_route=%2Fwp%2Fv2%2Fmedia&parent=15"}],"curies":[{"name":"wp","href":"https:\/\/api.w.org\/{rel}","templated":true}]}}